{"id":1962,"date":"2018-01-20T00:28:38","date_gmt":"2018-01-19T22:28:38","guid":{"rendered":"http:\/\/www.sgelbdeich.de\/?page_id=1962"},"modified":"2018-01-21T01:13:31","modified_gmt":"2018-01-20T23:13:31","slug":"anmeldung-2","status":"publish","type":"page","link":"http:\/\/www.sgelbdeich.de\/?page_id=1962","title":{"rendered":"Anmeldung"},"content":{"rendered":"<p>&nbsp;<\/p>\n<p>Liebe Eltern,<\/p>\n<p>seit \u00fcber 50 Jahren ist die SG Elbdeich die Vereinsadresse Nummer eins im Norden Winsens. Das Vertrauen, welches Eltern, Kinder und Jugendliche in unseren Verein haben, ehrt uns sehr und so m\u00f6chten wir auch Sie ganz herzlich in unserer kleinen Familie willkommen hei\u00dfen.<\/p>\n<p>Seien Sie versichert, dass die SG Elbdeich stets darum bem\u00fcht ist, den Kindern und Jugendlichen aller Altersklassen optimale Trainingsvoraussetzungen zu bieten. Sollten Sie Fragen oder Anregungen haben, z\u00f6gern Sie bitte nicht und kommen Sie auf uns zur\u00fcck. Ihre Ansprechpartner geben Ihnen jederzeit gerne Auskunft!<\/p>\n<p>Bevor Sie Ihr Kind anmelden sollten Sie 2-3 mal beim Training zum &#8222;schnuppern&#8220; vorbeikommen. Selbstverst\u00e4ndlich kostenfrei. Kontaktieren Sie dazu einfach vorab den jeweiligen Trainer.<\/p>\n<p>F\u00fcr die Erstanmeldung Ihres Kindes bei der SG Elbdeich m\u00fcssen einige Formalit\u00e4ten erledigt werden, damit Ihr Kind gut versichert und schnellstm\u00f6glich am Spielbetrieb teilnehmen kann. Die nachfolgende Liste soll Ihnen und uns die Anmeldung erleichtern. Daher bitten wir Sie alle aufgelisteten Formulare m\u00f6glichst bald einzureichen, damit sich unsere Jugendabteilung um die Spielberechtigung Ihres Kindes k\u00fcmmern kann. Die folgenden Dokumente sind f\u00fcr die Erstanmeldung n\u00f6tig:<\/p>\n<ul>\n<li>Anmeldung der Mitgliedschaft in einem Stammverein<\/li>\n<li>Passantrag Erstausstellung<\/li>\n<li>aktuelles Lichtbild (Passfoto)<\/li>\n<li>Kopie der Geburtsurkunde<\/li>\n<\/ul>\n<p>Die notwendigen Dokumente k\u00f6nnen Sie hier herunterladen.<br \/>\n\n<table id=\"tablepress-3\" class=\"tablepress tablepress-id-3\">\n<tbody class=\"row-hover\">\n<tr class=\"row-1 odd\">\n\t<td class=\"column-1\">Mitgliedsantr\u00e4ge<\/td><td class=\"column-2\">HSV St\u00f6cke<\/td><td class=\"column-3\"><a href=\"http:\/\/www.sgelbdeich.de\/wp-content\/uploads\/2018\/01\/beitrittserklaerung-HSV-St\u00f6ckte.pdf\" rel=\"noopener\" target=\"_blank\">Beitrittserkl\u00e4rung HSV St\u00f6ckte<\/a><br \/>\n<a href=\"http:\/\/www.sgelbdeich.de\/wp-content\/uploads\/2018\/01\/Beitragsordnung_HSV-St\u00f6ckte-Stand150316.pdf\" rel=\"noopener\" target=\"_blank\">Beitragsordnung HSV St\u00f6ckte<\/a><\/td>\n<\/tr>\n<tr class=\"row-2 even\">\n\t<td class=\"column-1\"><\/td><td class=\"column-2\">MTV Hoopte<\/td><td class=\"column-3\"><a href=\"http:\/\/www.sgelbdeich.de\/wp-content\/uploads\/2024\/08\/Beitrittserklaerung_MTV-Hoopte_ab_2024.pdf\" rel=\"noopener\" target=\"_blank\">Beitrittserkl\u00e4rung MTV Hoopte<\/a><\/td>\n<\/tr>\n<tr class=\"row-3 odd\">\n\t<td class=\"column-1\"><\/td><td class=\"column-2\">MTV Fliegenberg<\/td><td class=\"column-3\"><a href=\"http:\/\/www.sgelbdeich.de\/wp-content\/uploads\/2021\/12\/Mitgliedsantrag-MTV-Fliegenberg.pdf\" rel=\"noopener\" target=\"_blank\">Beitrittserkl\u00e4rung MTV Fliegenberg<\/a><br \/>\n<a href=\"http:\/\/www.sgelbdeich.de\/wp-content\/uploads\/2021\/12\/Beitragsordnung-MTV-Fliegenberg.pdf\" rel=\"noopener\" target=\"_blank\">Beitragsordnung MTV Fliegenberg<\/a><\/td>\n<\/tr>\n<tr class=\"row-4 even\">\n\t<td class=\"column-1\"><\/td><td class=\"column-2\">MTV La\u00dfr\u00f6nne<\/td><td class=\"column-3\"><a href=\"http:\/\/www.sgelbdeich.de\/wp-content\/uploads\/2020\/01\/Aufnahmeantrag_Lassroenne_2018.pdf\" rel=\"noopener\" target=\"_blank\">Beitrittserkl\u00e4rung MTV La\u00dfr\u00f6nne<\/a><\/td>\n<\/tr>\n<tr class=\"row-5 odd\">\n\t<td class=\"column-1\">Antrag auf Spielerlaubnis<\/td><td class=\"column-2\">g\u00fcltig f\u00fcr alle Stammvereine<\/td><td class=\"column-3\"><a href=\"http:\/\/www.sgelbdeich.de\/wp-content\/uploads\/2024\/10\/Antrag_auf_Erteilung_einer_Spielerlaubnis-1.pdf\" rel=\"noopener\" target=\"_blank\">Antrag auf Spielerlaubnis (PDF)<\/a><\/td>\n<\/tr>\n<tr class=\"row-6 even\">\n\t<td class=\"column-1\"><\/td><td class=\"column-2\">g\u00fcltig f\u00fcr alle Stammvereine<\/td><td class=\"column-3\"><a href=\"http:\/\/www.sgelbdeich.de\/wp-content\/uploads\/2021\/10\/Anlage-Spielerlaubnis.pdf\" rel=\"noopener\" target=\"_blank\">Anlage zum Antrag Spielerlaubnis<\/a><\/td>\n<\/tr>\n<tr class=\"row-7 odd\">\n\t<td class=\"column-1\">Hygienekonzepte<\/td><td class=\"column-2\">HSV St\u00f6ckte<\/td><td class=\"column-3\"><a href=\"http:\/\/www.sgelbdeich.de\/wp-content\/uploads\/2020\/09\/Hygienekonzept-HSV-St\u00f6ckte.pdf\">Hygienekonzept HSV St\u00f6ckte<\/a><\/td>\n<\/tr>\n<tr class=\"row-8 even\">\n\t<td class=\"column-1\"><\/td><td class=\"column-2\">MTV Hoopte<\/td><td class=\"column-3\"><a href=\"http:\/\/www.sgelbdeich.de\/wp-content\/uploads\/2020\/09\/Hygienekonzept-MTV-Hoopte.pdf\">Hygienekonzept MTV Hoopte<\/a><\/td>\n<\/tr>\n<tr class=\"row-9 odd\">\n\t<td class=\"column-1\"><\/td><td class=\"column-2\">MTV Fliegenberg<\/td><td class=\"column-3\"><a href=\"http:\/\/www.sgelbdeich.de\/wp-content\/uploads\/2020\/09\/Hygienekonzept-MTV-Germania-Fliegenberg.pdf\">Hygienekonzept MTV Germania Fliegenberg<\/a><\/td>\n<\/tr>\n<\/tbody>\n<\/table>\n<!-- #tablepress-3 from cache --><\/p>\n<p>Im Namen unserer Spieler(innen), Trainer(innen) und Vorstandsmitglieder m\u00f6chten wir Ihnen f\u00fcr die Zeit bei der SG Elbdeich alles Gute w\u00fcnschen. Wir sind uns sicher, dass Ihr Kind bei uns in besten H\u00e4nden ist, hier viele Freunde finden und sehr viel Spa\u00df am Fu\u00dfballspielen haben wird.<\/p>\n<p>Mit freundlichen Gr\u00fc\u00dfen<\/p>\n<p>Ihre Jugendleitung<\/p>\n","protected":false},"excerpt":{"rendered":"<p>&nbsp; Liebe Eltern, seit \u00fcber 50 Jahren ist die SG Elbdeich die Vereinsadresse Nummer eins im Norden Winsens. Das Vertrauen, welches Eltern, Kinder und Jugendliche in unseren Verein haben, ehrt uns sehr und so m\u00f6chten wir auch Sie ganz herzlich in unserer kleinen Familie willkommen hei\u00dfen. Seien Sie versichert, dass die SG Elbdeich stets darum [&hellip;]<\/p>\n","protected":false},"author":1839,"featured_media":0,"parent":45,"menu_order":50,"comment_status":"closed","ping_status":"closed","template":"","meta":[],"_links":{"self":[{"href":"http:\/\/www.sgelbdeich.de\/index.php?rest_route=\/wp\/v2\/pages\/1962"}],"collection":[{"href":"http:\/\/www.sgelbdeich.de\/index.php?rest_route=\/wp\/v2\/pages"}],"about":[{"href":"http:\/\/www.sgelbdeich.de\/index.php?rest_route=\/wp\/v2\/types\/page"}],"author":[{"embeddable":true,"href":"http:\/\/www.sgelbdeich.de\/index.php?rest_route=\/wp\/v2\/users\/1839"}],"replies":[{"embeddable":true,"href":"http:\/\/www.sgelbdeich.de\/index.php?rest_route=%2Fwp%2Fv2%2Fcomments&post=1962"}],"version-history":[{"count":8,"href":"http:\/\/www.sgelbdeich.de\/index.php?rest_route=\/wp\/v2\/pages\/1962\/revisions"}],"predecessor-version":[{"id":2005,"href":"http:\/\/www.sgelbdeich.de\/index.php?rest_route=\/wp\/v2\/pages\/1962\/revisions\/2005"}],"up":[{"embeddable":true,"href":"http:\/\/www.sgelbdeich.de\/index.php?rest_route=\/wp\/v2\/pages\/45"}],"wp:attachment":[{"href":"http:\/\/www.sgelbdeich.de\/index.php?rest_route=%2Fwp%2Fv2%2Fmedia&parent=1962"}],"curies":[{"name":"wp","href":"https:\/\/api.w.org\/{rel}","templated":true}]}}