{"id":2564,"date":"2022-09-07T14:22:10","date_gmt":"2022-09-07T12:22:10","guid":{"rendered":"http:\/\/www.sgelbdeich.de\/?page_id=2564"},"modified":"2024-07-30T13:13:37","modified_gmt":"2024-07-30T11:13:37","slug":"u08-junioren-2","status":"publish","type":"page","link":"http:\/\/www.sgelbdeich.de\/?page_id=2564","title":{"rendered":"U09 Junioren"},"content":{"rendered":"<p style=\"text-align: center;\"><span style=\"font-family: Arial,Helvetica,Geneva,Sans-serif,sans-serif;\">Jahrgang 2016<br \/>\n<\/span><\/p>\n<h2 style=\"text-align: center;\"><span style=\"color: #000000;\"><strong><span style=\"font-family: Arial,Helvetica,Geneva,Sans-serif,sans-serif;\">Trainer<\/span><\/strong><\/span><\/h2>\n<p style=\"text-align: center;\"><span style=\"font-family: Arial,Helvetica,Geneva,Sans-serif,sans-serif;\"><img decoding=\"async\" loading=\"lazy\" class=\"alignnone size-full wp-image-2233\" src=\"http:\/\/www.sgelbdeich.de\/wp-content\/uploads\/2018\/11\/Maik_Russke-e1543508522470.jpg\" alt=\"\" width=\"150\" height=\"188\"><br \/>\nMaik Russke<br \/>\nTel. 0152 \/ 320 74304<br \/>\n<\/span><span style=\"font-family: Arial,Helvetica,Geneva,Sans-serif,sans-serif;\">E-Mail: mr<\/span><span style=\"font-family: Arial,Helvetica,Geneva,Sans-serif,sans-serif;\">(a)sgelbdeich.de<br \/>\n<\/span><\/p>\n<h2 style=\"text-align: center;\"><span style=\"color: #000000;\"><strong><span style=\"font-family: Arial,Helvetica,Geneva,Sans-serif,sans-serif;\">Trainingzeiten<\/span><\/strong><\/span><\/h2>\n<p style=\"text-align: center;\"><span style=\"font-family: Arial,Helvetica,Geneva,Sans-serif,sans-serif;\"><strong>Sommer <\/strong>(M\u00e4rz &#8211; Oktober)<strong><br \/>\n<\/strong>Montags und Donnerstags 17:00 &#8211; 18:30 auf dem Sportplatz in Hoopte<\/span><\/p>\n<p style=\"text-align: center;\"><span style=\"font-family: Arial,Helvetica,Geneva,Sans-serif,sans-serif;\"><strong>Winter <\/strong>(November &#8211; Februar)<strong><br \/>\n<\/strong><em>Trainingszeiten folgen noch<\/em><\/span><\/p>\n<p><span style=\"font-family: Arial,Helvetica,Geneva,Sans-serif,sans-serif;\"><strong>Was wollen und k\u00f6nnen F-Junioren?<\/strong><br \/>\nSp\u00e4testens mit Schulbeginn versp\u00fcren viele Kinder Lust, \u00fcber das Fu\u00dfballspielen im Freundeskreis hinaus regelm\u00e4\u00dfig in einem Verein zu trainieren und zu spielen. Interessant und motivierend bleibt der Vereinsfu\u00dfball f\u00fcr die Kinder, wenn sich die Juniorentrainer am Stra\u00dfenfu\u00dfball fr\u00fcherer Tage orientieren und diese Philosophie in das Vereinstraining \u00fcbertragen.<\/span><\/p>\n<p><a href=\"http:\/\/www.sgelbdeich.de\/wp-content\/uploads\/2018\/01\/Ziele-F.jpg\"><img decoding=\"async\" loading=\"lazy\" class=\"alignnone wp-image-1933 size-full\" src=\"http:\/\/www.sgelbdeich.de\/wp-content\/uploads\/2018\/01\/Ziele-F-e1516395938981.jpg\" alt=\"\" width=\"550\" height=\"353\"><\/a><\/p>\n","protected":false},"excerpt":{"rendered":"<p>Jahrgang 2016 Trainer Maik Russke Tel. 0152 \/ 320 74304 E-Mail: mr(a)sgelbdeich.de Trainingzeiten Sommer (M\u00e4rz &#8211; Oktober) Montags und Donnerstags 17:00 &#8211; 18:30 auf dem Sportplatz in Hoopte Winter (November &#8211; Februar) Trainingszeiten folgen noch Was wollen und k\u00f6nnen F-Junioren? Sp\u00e4testens mit Schulbeginn versp\u00fcren viele Kinder Lust, \u00fcber das Fu\u00dfballspielen im Freundeskreis hinaus regelm\u00e4\u00dfig in [&hellip;]<\/p>\n","protected":false},"author":1839,"featured_media":0,"parent":1852,"menu_order":8,"comment_status":"closed","ping_status":"closed","template":"","meta":[],"_links":{"self":[{"href":"http:\/\/www.sgelbdeich.de\/index.php?rest_route=\/wp\/v2\/pages\/2564"}],"collection":[{"href":"http:\/\/www.sgelbdeich.de\/index.php?rest_route=\/wp\/v2\/pages"}],"about":[{"href":"http:\/\/www.sgelbdeich.de\/index.php?rest_route=\/wp\/v2\/types\/page"}],"author":[{"embeddable":true,"href":"http:\/\/www.sgelbdeich.de\/index.php?rest_route=\/wp\/v2\/users\/1839"}],"replies":[{"embeddable":true,"href":"http:\/\/www.sgelbdeich.de\/index.php?rest_route=%2Fwp%2Fv2%2Fcomments&post=2564"}],"version-history":[{"count":4,"href":"http:\/\/www.sgelbdeich.de\/index.php?rest_route=\/wp\/v2\/pages\/2564\/revisions"}],"predecessor-version":[{"id":2633,"href":"http:\/\/www.sgelbdeich.de\/index.php?rest_route=\/wp\/v2\/pages\/2564\/revisions\/2633"}],"up":[{"embeddable":true,"href":"http:\/\/www.sgelbdeich.de\/index.php?rest_route=\/wp\/v2\/pages\/1852"}],"wp:attachment":[{"href":"http:\/\/www.sgelbdeich.de\/index.php?rest_route=%2Fwp%2Fv2%2Fmedia&parent=2564"}],"curies":[{"name":"wp","href":"https:\/\/api.w.org\/{rel}","templated":true}]}}