{"id":2639,"date":"2024-07-30T13:19:06","date_gmt":"2024-07-30T11:19:06","guid":{"rendered":"http:\/\/www.sgelbdeich.de\/?page_id=2639"},"modified":"2024-07-30T14:12:27","modified_gmt":"2024-07-30T12:12:27","slug":"u11-junioren","status":"publish","type":"page","link":"http:\/\/www.sgelbdeich.de\/?page_id=2639","title":{"rendered":"U11 Junioren"},"content":{"rendered":"<p style=\"text-align: center;\"><span style=\"font-family: Arial,Helvetica,Geneva,Sans-serif,sans-serif;\">Jahrgang 2014<br \/>\n<\/span><\/p>\n<h2 style=\"text-align: center;\"><span style=\"color: #000000;\"><strong><span style=\"font-family: Arial,Helvetica,Geneva,Sans-serif,sans-serif;\">Trainer<\/span><\/strong><\/span><\/h2>\n<p style=\"text-align: center;\"><span style=\"font-family: Arial,Helvetica,Geneva,Sans-serif,sans-serif;\"><img decoding=\"async\" loading=\"lazy\" class=\"alignnone size-full wp-image-2431\" src=\"http:\/\/www.sgelbdeich.de\/wp-content\/uploads\/2020\/07\/IMG_5525_2019-03-27-e1594761623882.jpg\" alt=\"\" width=\"150\" height=\"193\" \/><br \/>\nJannis Flock<br \/>\nTel. 0157 \/ 35735155<br \/>\n<\/span><span style=\"font-family: Arial,Helvetica,Geneva,Sans-serif,sans-serif;\">E-Mail: jf<\/span><span style=\"font-family: Arial,Helvetica,Geneva,Sans-serif,sans-serif;\">(a)sgelbdeich.de<br \/>\n<\/span><\/p>\n<h2 style=\"text-align: center;\"><span style=\"color: #000000;\"><strong><span style=\"font-family: Arial,Helvetica,Geneva,Sans-serif,sans-serif;\">Trainingzeiten<\/span><\/strong><\/span><\/h2>\n<p style=\"text-align: center;\"><span style=\"font-family: Arial,Helvetica,Geneva,Sans-serif,sans-serif;\"><strong>Sommer <\/strong>(M\u00e4rz &#8211; Oktober)<strong><br \/>\n<\/strong><\/span><\/p>\n<p style=\"text-align: center;\">Mittwochs 17:30 &#8211; 19:00 am Sportplatz Hoopte<\/p>\n<p style=\"text-align: center;\"><span style=\"font-family: Arial,Helvetica,Geneva,Sans-serif,sans-serif;\">Freitags 17:30 &#8211; 19:00 am Sportplatz St\u00f6ckte<\/span><\/p>\n<p style=\"text-align: center;\"><span style=\"font-family: Arial,Helvetica,Geneva,Sans-serif,sans-serif;\"><strong>Winter <\/strong>(November &#8211; Februar)<strong><br \/>\n<\/strong>Trainingszeiten folgen noch<br \/>\n<\/span><\/p>\n<p><span style=\"font-family: Arial,Helvetica,Geneva,Sans-serif,sans-serif;\"><strong>Was wollen und k\u00f6nnen E-Junioren?<\/strong><br \/>\nIm Training der E-Junioren dominiert das freie Fu\u00dfballspielen in kleinen Gruppen, auf kleinen Feldern und in immer neuen Varianten an Toren, um Spielfreude und Ideen der Kinder zu f\u00f6rdern. Daneben nimmt schrittweise das spielerische Kennenlernen aller wichtigen Basistechniken (in einfachen, aber stets attraktiven Organisationsformen) an Bedeutung zu!<\/span><\/p>\n<p><a href=\"http:\/\/www.sgelbdeich.de\/wp-content\/uploads\/2018\/01\/Ziele-E.jpg\"><img decoding=\"async\" loading=\"lazy\" class=\"alignnone wp-image-1936 size-full\" src=\"http:\/\/www.sgelbdeich.de\/wp-content\/uploads\/2018\/01\/Ziele-E-e1516396264573.jpg\" alt=\"\" width=\"550\" height=\"355\" \/><\/a><\/p>\n","protected":false},"excerpt":{"rendered":"<p>Jahrgang 2014 Trainer Jannis Flock Tel. 0157 \/ 35735155 E-Mail: jf(a)sgelbdeich.de Trainingzeiten Sommer (M\u00e4rz &#8211; Oktober) Mittwochs 17:30 &#8211; 19:00 am Sportplatz Hoopte Freitags 17:30 &#8211; 19:00 am Sportplatz St\u00f6ckte Winter (November &#8211; Februar) Trainingszeiten folgen noch Was wollen und k\u00f6nnen E-Junioren? Im Training der E-Junioren dominiert das freie Fu\u00dfballspielen in kleinen Gruppen, auf kleinen [&hellip;]<\/p>\n","protected":false},"author":1839,"featured_media":0,"parent":1852,"menu_order":9,"comment_status":"closed","ping_status":"closed","template":"","meta":[],"_links":{"self":[{"href":"http:\/\/www.sgelbdeich.de\/index.php?rest_route=\/wp\/v2\/pages\/2639"}],"collection":[{"href":"http:\/\/www.sgelbdeich.de\/index.php?rest_route=\/wp\/v2\/pages"}],"about":[{"href":"http:\/\/www.sgelbdeich.de\/index.php?rest_route=\/wp\/v2\/types\/page"}],"author":[{"embeddable":true,"href":"http:\/\/www.sgelbdeich.de\/index.php?rest_route=\/wp\/v2\/users\/1839"}],"replies":[{"embeddable":true,"href":"http:\/\/www.sgelbdeich.de\/index.php?rest_route=%2Fwp%2Fv2%2Fcomments&post=2639"}],"version-history":[{"count":3,"href":"http:\/\/www.sgelbdeich.de\/index.php?rest_route=\/wp\/v2\/pages\/2639\/revisions"}],"predecessor-version":[{"id":2654,"href":"http:\/\/www.sgelbdeich.de\/index.php?rest_route=\/wp\/v2\/pages\/2639\/revisions\/2654"}],"up":[{"embeddable":true,"href":"http:\/\/www.sgelbdeich.de\/index.php?rest_route=\/wp\/v2\/pages\/1852"}],"wp:attachment":[{"href":"http:\/\/www.sgelbdeich.de\/index.php?rest_route=%2Fwp%2Fv2%2Fmedia&parent=2639"}],"curies":[{"name":"wp","href":"https:\/\/api.w.org\/{rel}","templated":true}]}}