{"id":289,"date":"2010-04-14T15:03:38","date_gmt":"2010-04-14T13:03:38","guid":{"rendered":"http:\/\/www.sgelbdeich.de\/wp\/?page_id=289"},"modified":"2019-06-14T09:20:37","modified_gmt":"2019-06-14T07:20:37","slug":"downloads","status":"publish","type":"page","link":"http:\/\/www.sgelbdeich.de\/?page_id=289","title":{"rendered":"Downloads"},"content":{"rendered":"\n<table id=\"tablepress-3\" class=\"tablepress tablepress-id-3\">\n<tbody class=\"row-hover\">\n<tr class=\"row-1 odd\">\n\t<td class=\"column-1\">Mitgliedsantr\u00e4ge<\/td><td class=\"column-2\">HSV St\u00f6cke<\/td><td class=\"column-3\"><a href=\"http:\/\/www.sgelbdeich.de\/wp-content\/uploads\/2018\/01\/beitrittserklaerung-HSV-St\u00f6ckte.pdf\" rel=\"noopener\" target=\"_blank\">Beitrittserkl\u00e4rung HSV St\u00f6ckte<\/a><br \/>\n<a href=\"http:\/\/www.sgelbdeich.de\/wp-content\/uploads\/2018\/01\/Beitragsordnung_HSV-St\u00f6ckte-Stand150316.pdf\" rel=\"noopener\" target=\"_blank\">Beitragsordnung HSV St\u00f6ckte<\/a><\/td>\n<\/tr>\n<tr class=\"row-2 even\">\n\t<td class=\"column-1\"><\/td><td class=\"column-2\">MTV Hoopte<\/td><td class=\"column-3\"><a href=\"http:\/\/www.sgelbdeich.de\/wp-content\/uploads\/2024\/08\/Beitrittserklaerung_MTV-Hoopte_ab_2024.pdf\" rel=\"noopener\" target=\"_blank\">Beitrittserkl\u00e4rung MTV Hoopte<\/a><\/td>\n<\/tr>\n<tr class=\"row-3 odd\">\n\t<td class=\"column-1\"><\/td><td class=\"column-2\">MTV Fliegenberg<\/td><td class=\"column-3\"><a href=\"http:\/\/www.sgelbdeich.de\/wp-content\/uploads\/2021\/12\/Mitgliedsantrag-MTV-Fliegenberg.pdf\" rel=\"noopener\" target=\"_blank\">Beitrittserkl\u00e4rung MTV Fliegenberg<\/a><br \/>\n<a href=\"http:\/\/www.sgelbdeich.de\/wp-content\/uploads\/2021\/12\/Beitragsordnung-MTV-Fliegenberg.pdf\" rel=\"noopener\" target=\"_blank\">Beitragsordnung MTV Fliegenberg<\/a><\/td>\n<\/tr>\n<tr class=\"row-4 even\">\n\t<td class=\"column-1\"><\/td><td class=\"column-2\">MTV La\u00dfr\u00f6nne<\/td><td class=\"column-3\"><a href=\"http:\/\/www.sgelbdeich.de\/wp-content\/uploads\/2020\/01\/Aufnahmeantrag_Lassroenne_2018.pdf\" rel=\"noopener\" target=\"_blank\">Beitrittserkl\u00e4rung MTV La\u00dfr\u00f6nne<\/a><\/td>\n<\/tr>\n<tr class=\"row-5 odd\">\n\t<td class=\"column-1\">Antrag auf Spielerlaubnis<\/td><td class=\"column-2\">g\u00fcltig f\u00fcr alle Stammvereine<\/td><td class=\"column-3\"><a href=\"http:\/\/www.sgelbdeich.de\/wp-content\/uploads\/2024\/10\/Antrag_auf_Erteilung_einer_Spielerlaubnis-1.pdf\" rel=\"noopener\" target=\"_blank\">Antrag auf Spielerlaubnis (PDF)<\/a><\/td>\n<\/tr>\n<tr class=\"row-6 even\">\n\t<td class=\"column-1\"><\/td><td class=\"column-2\">g\u00fcltig f\u00fcr alle Stammvereine<\/td><td class=\"column-3\"><a href=\"http:\/\/www.sgelbdeich.de\/wp-content\/uploads\/2021\/10\/Anlage-Spielerlaubnis.pdf\" rel=\"noopener\" target=\"_blank\">Anlage zum Antrag Spielerlaubnis<\/a><\/td>\n<\/tr>\n<tr class=\"row-7 odd\">\n\t<td class=\"column-1\">Hygienekonzepte<\/td><td class=\"column-2\">HSV St\u00f6ckte<\/td><td class=\"column-3\"><a href=\"http:\/\/www.sgelbdeich.de\/wp-content\/uploads\/2020\/09\/Hygienekonzept-HSV-St\u00f6ckte.pdf\">Hygienekonzept HSV St\u00f6ckte<\/a><\/td>\n<\/tr>\n<tr class=\"row-8 even\">\n\t<td class=\"column-1\"><\/td><td class=\"column-2\">MTV Hoopte<\/td><td class=\"column-3\"><a href=\"http:\/\/www.sgelbdeich.de\/wp-content\/uploads\/2020\/09\/Hygienekonzept-MTV-Hoopte.pdf\">Hygienekonzept MTV Hoopte<\/a><\/td>\n<\/tr>\n<tr class=\"row-9 odd\">\n\t<td class=\"column-1\"><\/td><td class=\"column-2\">MTV Fliegenberg<\/td><td class=\"column-3\"><a href=\"http:\/\/www.sgelbdeich.de\/wp-content\/uploads\/2020\/09\/Hygienekonzept-MTV-Germania-Fliegenberg.pdf\">Hygienekonzept MTV Germania Fliegenberg<\/a><\/td>\n<\/tr>\n<\/tbody>\n<\/table>\n<!-- #tablepress-3 from cache -->\n<p style=\"text-align: right;\"><a href=\"http:\/\/www.sgelbdeich.de\/wp-content\/uploads\/2018\/12\/DSGVO-SG-Elbdeich-personenbezogene-Daten.pdf\">DSGVO SG Elbdeich personenbezogene Daten<\/a><\/p>\n","protected":false},"excerpt":{"rendered":"<p>DSGVO SG Elbdeich personenbezogene Daten<\/p>\n","protected":false},"author":1,"featured_media":0,"parent":16,"menu_order":4,"comment_status":"closed","ping_status":"closed","template":"","meta":[],"_links":{"self":[{"href":"http:\/\/www.sgelbdeich.de\/index.php?rest_route=\/wp\/v2\/pages\/289"}],"collection":[{"href":"http:\/\/www.sgelbdeich.de\/index.php?rest_route=\/wp\/v2\/pages"}],"about":[{"href":"http:\/\/www.sgelbdeich.de\/index.php?rest_route=\/wp\/v2\/types\/page"}],"author":[{"embeddable":true,"href":"http:\/\/www.sgelbdeich.de\/index.php?rest_route=\/wp\/v2\/users\/1"}],"replies":[{"embeddable":true,"href":"http:\/\/www.sgelbdeich.de\/index.php?rest_route=%2Fwp%2Fv2%2Fcomments&post=289"}],"version-history":[{"count":15,"href":"http:\/\/www.sgelbdeich.de\/index.php?rest_route=\/wp\/v2\/pages\/289\/revisions"}],"predecessor-version":[{"id":2281,"href":"http:\/\/www.sgelbdeich.de\/index.php?rest_route=\/wp\/v2\/pages\/289\/revisions\/2281"}],"up":[{"embeddable":true,"href":"http:\/\/www.sgelbdeich.de\/index.php?rest_route=\/wp\/v2\/pages\/16"}],"wp:attachment":[{"href":"http:\/\/www.sgelbdeich.de\/index.php?rest_route=%2Fwp%2Fv2%2Fmedia&parent=289"}],"curies":[{"name":"wp","href":"https:\/\/api.w.org\/{rel}","templated":true}]}}