{"id":37,"date":"2010-03-24T16:26:23","date_gmt":"2010-03-24T16:26:23","guid":{"rendered":"http:\/\/www.sgelbdeich.de\/wp\/?page_id=37"},"modified":"2024-07-30T14:46:17","modified_gmt":"2024-07-30T12:46:17","slug":"1-herren","status":"publish","type":"page","link":"http:\/\/www.sgelbdeich.de\/?page_id=37","title":{"rendered":"1. Herren"},"content":{"rendered":"<p>Trainingszeiten:<\/p>\n<p>Di. und Do. 19.30Uhr \u2013 21.30 Uhr in La\u00dfr\u00f6nne<\/p>\n<p>Trainer:<\/p>\n<p>Enrico R\u00f6wer<\/p>\n<div id=\"meineTabelle\">1. Kreisklasse Harburg<\/div>\n","protected":false},"excerpt":{"rendered":"<p>Trainingszeiten: Di. und Do. 19.30Uhr \u2013 21.30 Uhr in La\u00dfr\u00f6nne Trainer: Enrico R\u00f6wer 1. Kreisklasse Harburg<\/p>\n","protected":false},"author":1,"featured_media":0,"parent":34,"menu_order":0,"comment_status":"closed","ping_status":"closed","template":"","meta":[],"_links":{"self":[{"href":"http:\/\/www.sgelbdeich.de\/index.php?rest_route=\/wp\/v2\/pages\/37"}],"collection":[{"href":"http:\/\/www.sgelbdeich.de\/index.php?rest_route=\/wp\/v2\/pages"}],"about":[{"href":"http:\/\/www.sgelbdeich.de\/index.php?rest_route=\/wp\/v2\/types\/page"}],"author":[{"embeddable":true,"href":"http:\/\/www.sgelbdeich.de\/index.php?rest_route=\/wp\/v2\/users\/1"}],"replies":[{"embeddable":true,"href":"http:\/\/www.sgelbdeich.de\/index.php?rest_route=%2Fwp%2Fv2%2Fcomments&post=37"}],"version-history":[{"count":41,"href":"http:\/\/www.sgelbdeich.de\/index.php?rest_route=\/wp\/v2\/pages\/37\/revisions"}],"predecessor-version":[{"id":2662,"href":"http:\/\/www.sgelbdeich.de\/index.php?rest_route=\/wp\/v2\/pages\/37\/revisions\/2662"}],"up":[{"embeddable":true,"href":"http:\/\/www.sgelbdeich.de\/index.php?rest_route=\/wp\/v2\/pages\/34"}],"wp:attachment":[{"href":"http:\/\/www.sgelbdeich.de\/index.php?rest_route=%2Fwp%2Fv2%2Fmedia&parent=37"}],"curies":[{"name":"wp","href":"https:\/\/api.w.org\/{rel}","templated":true}]}}