{"id":55,"date":"2010-03-24T16:29:57","date_gmt":"2010-03-24T16:29:57","guid":{"rendered":"http:\/\/www.sgelbdeich.de\/wp\/?page_id=55"},"modified":"2020-07-14T00:16:44","modified_gmt":"2020-07-13T22:16:44","slug":"impressum","status":"publish","type":"page","link":"http:\/\/www.sgelbdeich.de\/?page_id=55","title":{"rendered":"Impressum"},"content":{"rendered":"<p>MTV Hoopte von 1903 e.V.<br \/>\nHoopter Elbdeich 90<br \/>\n21423 Winsen<\/p>\n<h2>Vertreten durch:<\/h2>\n<p>Thorben Wiebe<\/p>\n<p>Lars Pr\u00fcfer<\/p>\n<h2>Kontakt:<\/h2>\n<table>\n<tbody>\n<tr>\n<td>Telefon:<\/td>\n<td>+49 (0) 1724169448<\/td>\n<\/tr>\n<tr>\n<td>Telefax: \/<\/td>\n<td><\/td>\n<\/tr>\n<tr>\n<td>E-Mail:<\/td>\n<td>tw@sgelbdeich.de<\/td>\n<\/tr>\n<\/tbody>\n<\/table>\n<h2>Verantwortlich f\u00fcr Gestaltung &amp; Design<\/h2>\n<p>Florian Wilkens<\/p>\n<h2>Kontakt:<\/h2>\n<table>\n<tbody>\n<tr>\n<td>Telefon:<\/td>\n<td>+49 (0) 4171 60 44 62<\/td>\n<\/tr>\n<tr>\n<td>Telefax: \/<\/td>\n<td><\/td>\n<\/tr>\n<tr>\n<td>E-Mail:<\/td>\n<td><a href=\"http:\/\/www.sgelbdeich.de\/wp-content\/uploads\/2010\/03\/mail-admin.jpg\"><img decoding=\"async\" loading=\"lazy\" class=\"aligncenter size-full wp-image-184\" title=\"mail-admin\" src=\"http:\/\/www.sgelbdeich.de\/wp-content\/uploads\/2010\/03\/mail-admin.jpg\" alt=\"\" width=\"151\" height=\"21\" srcset=\"http:\/\/www.sgelbdeich.de\/wp-content\/uploads\/2010\/03\/mail-admin.jpg 151w, http:\/\/www.sgelbdeich.de\/wp-content\/uploads\/2010\/03\/mail-admin-150x21.jpg 150w\" sizes=\"(max-width: 151px) 100vw, 151px\" \/><\/a><\/td>\n<\/tr>\n<\/tbody>\n<\/table>\n<h2>Umsatzsteuer-ID:<\/h2>\n<p>Umsatzsteuer-Identifikationsnummer gem\u00e4\u00df \u00a727 a Umsatzsteuergesetz:<\/p>\n<p>DE 999 999 999<\/p>\n<h2>Aufsichtsbeh\u00f6rde:<\/h2>\n<h3>Deutscher Fu\u00dfball-Bund e.V.<\/h3>\n<p>Falls Sie auf den verlinkten Seiten oder innerhalb diese Seite irgendetwas finden sollten, dass in irgendeiner Form illegal oder gesellschaftlich sch\u00e4digend sein sollte, dann bitte ich Sie mich zu kontaktieren. Ich bin dann gern bereit den betreffenden Links zu entfernen.<\/p>\n<p>Diese Seite enth\u00e4lt au\u00dferdem eine Kommentar-Funktion. Kommentare werden, falls welche vorhanden sind, normalerweise einmal pro Tag \u00fcberpr\u00fcft. Sollten dort trotzdem mal Dinge stehen, die nach gemeinhin \u00fcblicher Auffassung nicht ver\u00f6ffentlicht geh\u00f6ren, so bitte ich auch in diesem Fall darum mich zu benachrichtigen, damit ich entsprechende Schritte unternehmen kann.<\/p>\n<p>Quelle: <em>erstellt mit dem <a href=\"http:\/\/www.e-recht24.de\/impressum-generator.html\" target=\"_blank\" rel=\"noopener\">Impressum-Generator eingetragener Verein (e. V.)<\/a> von eRecht24.<\/em><\/p>\n<h2>Haftungsausschluss:<\/h2>\n<p><strong>Haftung f\u00fcr Inhalte<\/strong><\/p>\n<p>Die Inhalte unserer Seiten wurden mit gr\u00f6\u00dfter Sorgfalt erstellt.<br \/>\nF\u00fcr die Richtigkeit, Vollst\u00e4ndigkeit und Aktualit\u00e4t der Inhalte<br \/>\nk\u00f6nnen wir jedoch keine Gew\u00e4hr \u00fcbernehmen. Als Diensteanbieter sind wir gem\u00e4\u00df \u00a7 7 Abs.1 TMG f\u00fcr<br \/>\neigene Inhalte auf diesen Seiten nach den allgemeinen Gesetzen verantwortlich.<br \/>\nNach \u00a7\u00a7 8 bis 10 TMG sind wir als Diensteanbieter jedoch nicht<br \/>\nverpflichtet, \u00fcbermittelte oder gespeicherte fremde Informationen zu<br \/>\n\u00fcberwachen oder nach Umst\u00e4nden zu forschen, die auf eine rechtswidrige<br \/>\nT\u00e4tigkeit hinweisen. Verpflichtungen zur Entfernung oder Sperrung der<br \/>\nNutzung von Informationen nach den allgemeinen Gesetzen bleiben hiervon<br \/>\nunber\u00fchrt. Eine diesbez\u00fcgliche Haftung ist jedoch erst ab dem<br \/>\nZeitpunkt der Kenntnis einer konkreten Rechtsverletzung m\u00f6glich. Bei<br \/>\nBekanntwerden von entsprechenden Rechtsverletzungen werden wir diese Inhalte<br \/>\numgehend entfernen.<\/p>\n<p><strong>Haftung f\u00fcr Links<\/strong><\/p>\n<p>Unser Angebot enth\u00e4lt Links zu externen Webseiten Dritter, auf deren<br \/>\nInhalte wir keinen Einfluss haben. Deshalb k\u00f6nnen wir f\u00fcr diese<br \/>\nfremden Inhalte auch keine Gew\u00e4hr \u00fcbernehmen. F\u00fcr die Inhalte<br \/>\nder verlinkten Seiten ist stets der jeweilige Anbieter oder Betreiber der<br \/>\nSeiten verantwortlich. Die verlinkten Seiten wurden zum Zeitpunkt der Verlinkung<br \/>\nauf m\u00f6gliche Rechtsverst\u00f6\u00dfe \u00fcberpr\u00fcft. Rechtswidrige<br \/>\nInhalte waren zum Zeitpunkt der Verlinkung nicht erkennbar. Eine permanente<br \/>\ninhaltliche Kontrolle der verlinkten Seiten ist jedoch ohne konkrete Anhaltspunkte<br \/>\neiner Rechtsverletzung nicht zumutbar. Bei Bekanntwerden von Rechtsverletzungen<br \/>\nwerden wir derartige Links umgehend entfernen.<\/p>\n<p><strong>Urheberrecht<\/strong><\/p>\n<p>Die durch die Seitenbetreiber erstellten Inhalte und Werke auf diesen Seiten<br \/>\nunterliegen dem deutschen Urheberrecht. Die Vervielf\u00e4ltigung, Bearbeitung, Verbreitung und<br \/>\njede Art der Verwertung au\u00dferhalb der Grenzen des Urheberrechtes bed\u00fcrfen<br \/>\nder schriftlichen Zustimmung des jeweiligen Autors bzw. Erstellers. Downloads<br \/>\nund Kopien dieser Seite sind nur f\u00fcr den privaten, nicht kommerziellen<br \/>\nGebrauch gestattet. Soweit die Inhalte auf dieser Seite nicht vom Betreiber erstellt wurden,<br \/>\nwerden die Urheberrechte Dritter beachtet. Insbesondere werden Inhalte Dritter als solche<br \/>\ngekennzeichnet. Sollten Sie trotzdem auf eine Urheberrechtsverletzung aufmerksam werden, bitten wir um einen entsprechenden Hinweis.<br \/>\nBei Bekanntwerden von Rechtsverletzungen werden wir derartige Inhalte umgehend entfernen.<\/p>\n<p><strong>Datenschutz<\/strong><\/p>\n<p>Die Nutzung unserer Webseite ist in der Regel ohne Angabe personenbezogener Daten m\u00f6glich. Soweit auf unseren Seiten personenbezogene Daten (beispielsweise Name,<br \/>\nAnschrift oder eMail-Adressen) erhoben werden, erfolgt dies, soweit m\u00f6glich, stets auf freiwilliger Basis. Diese Daten werden ohne Ihre ausdr\u00fcckliche Zustimmung nicht an Dritte weitergegeben.<\/p>\n<p>Wir weisen darauf hin, dass die Daten\u00fcbertragung im Internet (z.B.<br \/>\nbei der Kommunikation per E-Mail) Sicherheitsl\u00fccken aufweisen kann.<br \/>\nEin l\u00fcckenloser Schutz der Daten vor dem Zugriff durch Dritte ist nicht<br \/>\nm\u00f6glich.<\/p>\n<p>Der Nutzung von im Rahmen der Impressumspflicht ver\u00f6ffentlichten Kontaktdaten<br \/>\ndurch Dritte zur \u00dcbersendung von nicht ausdr\u00fccklich angeforderter<br \/>\nWerbung und Informationsmaterialien wird hiermit ausdr\u00fccklich widersprochen.<br \/>\nDie Betreiber der Seiten behalten sich ausdr\u00fccklich rechtliche Schritte<br \/>\nim Falle der unverlangten Zusendung von Werbeinformationen, etwa durch Spam-Mails,<br \/>\nvor.<\/p>\n<p>Quelle: <em><a href=\"http:\/\/www.e-recht24.de\/muster-disclaimer.htm\" target=\"_blank\" rel=\"noopener\">Disclaimer<\/a> von eRecht24, dem Portal zum Internetrecht von <a href=\"http:\/\/www.e-recht24.de\/\" target=\"_blank\" rel=\"noopener\">Rechtsanwalt<\/a> S\u00f6ren Siebert<\/em><\/p>\n","protected":false},"excerpt":{"rendered":"<p>MTV Hoopte von 1903 e.V. Hoopter Elbdeich 90 21423 Winsen Vertreten durch: Thorben Wiebe Lars Pr\u00fcfer Kontakt: Telefon: +49 (0) 1724169448 Telefax: \/ E-Mail: tw@sgelbdeich.de Verantwortlich f\u00fcr Gestaltung &amp; Design Florian Wilkens Kontakt: Telefon: +49 (0) 4171 60 44 62 Telefax: \/ E-Mail: Umsatzsteuer-ID: Umsatzsteuer-Identifikationsnummer gem\u00e4\u00df \u00a727 a Umsatzsteuergesetz: DE 999 999 999 Aufsichtsbeh\u00f6rde: Deutscher [&hellip;]<\/p>\n","protected":false},"author":1,"featured_media":0,"parent":0,"menu_order":5,"comment_status":"closed","ping_status":"closed","template":"","meta":[],"_links":{"self":[{"href":"http:\/\/www.sgelbdeich.de\/index.php?rest_route=\/wp\/v2\/pages\/55"}],"collection":[{"href":"http:\/\/www.sgelbdeich.de\/index.php?rest_route=\/wp\/v2\/pages"}],"about":[{"href":"http:\/\/www.sgelbdeich.de\/index.php?rest_route=\/wp\/v2\/types\/page"}],"author":[{"embeddable":true,"href":"http:\/\/www.sgelbdeich.de\/index.php?rest_route=\/wp\/v2\/users\/1"}],"replies":[{"embeddable":true,"href":"http:\/\/www.sgelbdeich.de\/index.php?rest_route=%2Fwp%2Fv2%2Fcomments&post=55"}],"version-history":[{"count":20,"href":"http:\/\/www.sgelbdeich.de\/index.php?rest_route=\/wp\/v2\/pages\/55\/revisions"}],"predecessor-version":[{"id":2429,"href":"http:\/\/www.sgelbdeich.de\/index.php?rest_route=\/wp\/v2\/pages\/55\/revisions\/2429"}],"wp:attachment":[{"href":"http:\/\/www.sgelbdeich.de\/index.php?rest_route=%2Fwp%2Fv2%2Fmedia&parent=55"}],"curies":[{"name":"wp","href":"https:\/\/api.w.org\/{rel}","templated":true}]}}